{"id":6463,"date":"2018-07-19T18:08:16","date_gmt":"2018-07-19T16:08:16","guid":{"rendered":"https:\/\/www.iotbusinesshub.com\/legal-information\/"},"modified":"2025-05-13T10:48:44","modified_gmt":"2025-05-13T08:48:44","slug":"legal-information","status":"publish","type":"page","link":"https:\/\/www.iotbusinesshub.com\/en\/legal-information\/","title":{"rendered":"Legal information"},"content":{"rendered":"<p>[et_pb_section fb_built=&#8221;1&#8243; fullwidth=&#8221;on&#8221; _builder_version=&#8221;4.16&#8243; global_colors_info=&#8221;{}&#8221;][et_pb_fullwidth_post_title meta=&#8221;off&#8221; featured_image=&#8221;off&#8221; _builder_version=&#8221;4.16&#8243; global_colors_info=&#8221;{}&#8221;][\/et_pb_fullwidth_post_title][\/et_pb_section][et_pb_section fb_built=&#8221;1&#8243; _builder_version=&#8221;4.16&#8243; global_colors_info=&#8221;{}&#8221;][et_pb_row _builder_version=&#8221;4.16&#8243; background_size=&#8221;initial&#8221; background_position=&#8221;top_left&#8221; background_repeat=&#8221;repeat&#8221; global_colors_info=&#8221;{}&#8221;][et_pb_column type=&#8221;4_4&#8243; _builder_version=&#8221;4.16&#8243; custom_padding=&#8221;|||&#8221; global_colors_info=&#8221;{}&#8221; custom_padding__hover=&#8221;|||&#8221;][et_pb_text _builder_version=&#8221;4.27.4&#8243; hover_enabled=&#8221;0&#8243; global_colors_info=&#8221;{}&#8221; sticky_enabled=&#8221;0&#8243;]<\/p>\n<p><strong>BearingPoint France SAS<br \/><\/strong>Soci\u00e9t\u00e9 par Action Simplifi\u00e9e registered at RCS Nanterre number 443\u00a0021\u00a0241<br \/><strong>Whose head office address is\u00a0:<br \/><\/strong>TOUR CBX CS 70127<br \/>1 Reflections Bridge<br \/>92913 Paris la D\u00e9fense Cedex, France<br \/><strong>Share capital:<\/strong> 14\u00a0300\u00a0000\u20ac<br \/><strong>Mail\u00a0:<\/strong> use the <a href=\"https:\/\/www.iotbusinesshub.com\/en\/contact-2\/\">contact form<\/a>.<br \/><strong>Phone number\u00a0:<\/strong>\u00a0+33 (0)1 58 86 30 00<br \/><strong>Name of the director of the publication\u00a0:<\/strong> Sylvain CHEVALLIER<br \/><strong>Host of the site\u00a0:<br \/><\/strong>RYZE Digital GmbH<br \/>Mombacher Str. 4<br \/>55122 Mainz<br \/>Allemagne<br \/>VAT: DE 148 268 204<\/p>\n<p>[\/et_pb_text][\/et_pb_column][\/et_pb_row][\/et_pb_section]<\/p>\n","protected":false},"excerpt":{"rendered":"<p>BearingPoint France SASSoci\u00e9t\u00e9 par Action Simplifi\u00e9e registered at RCS Nanterre number 443\u00a0021\u00a0241Whose head office address is\u00a0:TOUR CBX CS 701271 Reflections Bridge92913 Paris la D\u00e9fense Cedex, FranceShare capital: 14\u00a0300\u00a0000\u20acMail\u00a0: use the contact form.Phone number\u00a0:\u00a0+33 (0)1 58 86 30 00Name of the director of the publication\u00a0: Sylvain CHEVALLIERHost of the site\u00a0:RYZE Digital GmbHMombacher Str. 455122 MainzAllemagneVAT: DE [&hellip;]<\/p>\n","protected":false},"author":17,"featured_media":0,"parent":0,"menu_order":11,"comment_status":"closed","ping_status":"closed","template":"","meta":{"_acf_changed":false,"_et_pb_use_builder":"on","_et_pb_old_content":"","_et_gb_content_width":"","footnotes":""},"class_list":["post-6463","page","type-page","status-publish","hentry"],"acf":[],"_links":{"self":[{"href":"https:\/\/www.iotbusinesshub.com\/en\/wp-json\/wp\/v2\/pages\/6463","targetHints":{"allow":["GET"]}}],"collection":[{"href":"https:\/\/www.iotbusinesshub.com\/en\/wp-json\/wp\/v2\/pages"}],"about":[{"href":"https:\/\/www.iotbusinesshub.com\/en\/wp-json\/wp\/v2\/types\/page"}],"author":[{"embeddable":true,"href":"https:\/\/www.iotbusinesshub.com\/en\/wp-json\/wp\/v2\/users\/17"}],"replies":[{"embeddable":true,"href":"https:\/\/www.iotbusinesshub.com\/en\/wp-json\/wp\/v2\/comments?post=6463"}],"version-history":[{"count":0,"href":"https:\/\/www.iotbusinesshub.com\/en\/wp-json\/wp\/v2\/pages\/6463\/revisions"}],"wp:attachment":[{"href":"https:\/\/www.iotbusinesshub.com\/en\/wp-json\/wp\/v2\/media?parent=6463"}],"curies":[{"name":"wp","href":"https:\/\/api.w.org\/{rel}","templated":true}]}}