{"id":6375,"date":"2021-05-10T20:10:02","date_gmt":"2021-05-10T18:10:02","guid":{"rendered":"https:\/\/www.iotbusinesshub.com\/magma-technology\/"},"modified":"2022-10-07T14:30:37","modified_gmt":"2022-10-07T12:30:37","slug":"magma-technology","status":"publish","type":"page","link":"https:\/\/www.iotbusinesshub.com\/en\/our-ecosystem\/our-members\/magma-technology\/","title":{"rendered":"Magma technology"},"content":{"rendered":"<p>[et_pb_section fb_built=&#8221;1&#8243; fullwidth=&#8221;on&#8221; _builder_version=&#8221;4.7.2&#8243; width=&#8221;100%&#8221; max_width=&#8221;100%&#8221; global_module=&#8221;76&#8243;][et_pb_fullwidth_post_title meta=&#8221;off&#8221; featured_image=&#8221;off&#8221; _builder_version=&#8221;4.7.2&#8243;][\/et_pb_fullwidth_post_title][\/et_pb_section][et_pb_section fb_built=&#8221;1&#8243; _builder_version=&#8221;4.7.2&#8243; custom_padding=&#8221;52px|||||&#8221;][et_pb_row module_id=&#8221;magma&#8221; _builder_version=&#8221;4.7.2&#8243; background_color=&#8221;#ffffff&#8221; background_size=&#8221;initial&#8221; background_position=&#8221;top_left&#8221; background_repeat=&#8221;repeat&#8221; custom_padding=&#8221;40px|20px||20px|false|false&#8221; border_width_all=&#8221;1px&#8221; border_color_all=&#8221;#d6d6d6&#8243; border_width_top=&#8221;1px&#8221; border_color_top=&#8221;#93d522&#8243; border_color_right=&#8221;#93d522&#8243; border_width_bottom=&#8221;0px&#8221; border_color_left=&#8221;#93d522&#8243;][et_pb_column type=&#8221;4_4&#8243; _builder_version=&#8221;3.25&#8243; custom_padding=&#8221;|||&#8221; custom_padding__hover=&#8221;|||&#8221;][et_pb_image src=&#8221;https:\/\/www.iotbusinesshub.com\/wp-content\/uploads\/2021\/05\/logo-magma-green-dark.png&#8221; title_text=&#8221;logo-magma-green-dark&#8221; align=&#8221;center&#8221; _builder_version=&#8221;4.7.2&#8243; _module_preset=&#8221;default&#8221; width=&#8221;25%&#8221; module_alignment=&#8221;center&#8221; custom_margin=&#8221;||0px|||&#8221;][\/et_pb_image][et_pb_code _builder_version=&#8221;4.7.2&#8243; _module_preset=&#8221;default&#8221; custom_css_main_element=&#8221;\/*CSS pour afficher\/masquer un texte via un bouton*\/||||\/*Style du module TEXTE*\/||.texte-cache { || position: relative;|| max-height: 100px; \/*Hauteur du texte visible avant le clic*\/|| overflow: hidden; \/*On cache tout ce qui d\u00e9passe des 100px*\/|| transition: max-height 1s ease; \/* Transition CSS entre l&#8217;ouverture et la fermeture*\/||}|| ||\/*Style du module TEXTE lorsqu&#8217;il est ouvert*\/||.texte-cache.ouvert {|| max-height: 100vh; \/* On lui d\u00e9finit une hauteur max de tout l&#8217;\u00e9cran si n\u00e9cessaire pour qu&#8217;il affiche tout son contenu*\/|| }||||\/*On stylise l&#8217;effet de flou lorsque le module TEXTE est ferm\u00e9, donc il n&#8217;a pas la classe %22ouvert%22*\/||.texte-cache:not(.ouvert)::after {|| content: &#8221;;|| position: absolute;|| top: 0;|| bottom: 0;|| left: 0;|| right: 0;|| background: linear-gradient(rgba(255, 255, 255, 0), rgba(255, 255, 255, 1)); \/*Couleur de notre effet*\/||}&#8221;]<script><!-- [et_pb_line_break_holder] -->jQuery(document).ready(function ($) {<!-- [et_pb_line_break_holder] -->  $(\"a.bouton-ouverture\").removeAttr(\"href\"); \/\/ On supprime le lien de notre bouton <!-- [et_pb_line_break_holder] -->\t<!-- [et_pb_line_break_holder] -->  $('.bouton-ouverture').on('click', function(){ \/\/ lorsqu'on clique sur le bouton<!-- [et_pb_line_break_holder] -->  $('.texte-cache').toggleClass('ouvert'); \/\/ On ajoute ou retire la classe CSS \"ouvert\"<!-- [et_pb_line_break_holder] -->  <!-- [et_pb_line_break_holder] -->  if ($('.texte-cache').hasClass('ouvert')) { \/\/ Si le module texte a la classe \"ouvert\"<!-- [et_pb_line_break_holder] -->    $('.bouton-ouverture').html('Lire moins'); \/\/ On affiche LIRE MOINS sur le bouton<!-- [et_pb_line_break_holder] -->  } else {<!-- [et_pb_line_break_holder] -->    $('.bouton-ouverture').html('Lire plus'); \/\/ Sinon on affiche LIRE PLUS<!-- [et_pb_line_break_holder] -->  }<!-- [et_pb_line_break_holder] -->\t});<!-- [et_pb_line_break_holder] -->});<!-- [et_pb_line_break_holder] --><\/script>[\/et_pb_code][et_pb_text _builder_version=&#8221;4.7.2&#8243; custom_padding=&#8221;|30px||30px|false|false&#8221;]Magma Technology revolutionizes the supply chain by offering a new generation of logistics visibility.<\/p>\n<p>Thanks to the combination of connected objects (IoT) and artificial intelligence, logistics containers are becoming a key source of information for tracking transported goods and optimizing the container fleet.<\/p>\n<p>Magma Technology already has 14 major customers who use its solution on a daily basis.[\/et_pb_text][\/et_pb_column][\/et_pb_row][et_pb_row column_structure=&#8221;3_4,1_4&#8243; use_custom_gutter=&#8221;on&#8221; gutter_width=&#8221;1&#8243; make_equal=&#8221;on&#8221; _builder_version=&#8221;4.7.2&#8243; _module_preset=&#8221;default&#8221; background_color=&#8221;#ffffff&#8221; custom_padding=&#8221;4px|40px|2px|20px|false|false&#8221; border_color_all=&#8221;#93d522&#8243; border_width_right=&#8221;1px&#8221; border_width_left=&#8221;1px&#8221;][et_pb_column type=&#8221;3_4&#8243; _builder_version=&#8221;4.7.2&#8243; _module_preset=&#8221;default&#8221; custom_padding=&#8221;|0px||0px|false|false&#8221;][et_pb_text _builder_version=&#8221;4.7.2&#8243; header_2_text_color=&#8221;#93d522&#8243; header_3_text_color=&#8221;#033e8e&#8221; width=&#8221;100%&#8221; custom_margin=&#8221;||-1px||false|false&#8221; custom_padding=&#8221;0px|14px|0px|30px|false|false&#8221;]<\/p>\n<h2 style=\"text-align: justify;\"><span style=\"font-size: 24px;\"><b>Digital delivery tracking project for L&#8217;Or\u00e9al<\/b><\/span><\/h2>\n<p>[\/et_pb_text][\/et_pb_column][et_pb_column type=&#8221;1_4&#8243; _builder_version=&#8221;4.7.2&#8243; _module_preset=&#8221;default&#8221; custom_padding=&#8221;|0px||0px|false|false&#8221;][et_pb_image src=&#8221;https:\/\/www.iotbusinesshub.com\/wp-content\/uploads\/2021\/05\/Projet_icon.png&#8221; title_text=&#8221;Project_icon&#8221; align=&#8221;right&#8221; _builder_version=&#8221;4.7.2&#8243; _module_preset=&#8221;default&#8221; width=&#8221;20%&#8221;][\/et_pb_image][et_pb_text _builder_version=&#8221;4.7.2&#8243; _module_preset=&#8221;default&#8221;]<\/p>\n<h4 style=\"text-align: right;\"><span style=\"font-size: 10pt;\"><strong>IoT project<\/strong><\/span><\/h4>\n<p>[\/et_pb_text][\/et_pb_column][\/et_pb_row][et_pb_row use_custom_gutter=&#8221;on&#8221; gutter_width=&#8221;1&#8243; make_equal=&#8221;on&#8221; _builder_version=&#8221;4.7.2&#8243; _module_preset=&#8221;default&#8221; background_color=&#8221;#ffffff&#8221; custom_margin=&#8221;0px|auto||auto||&#8221; custom_padding=&#8221;4px|20px||20px|false|false&#8221; border_color_all=&#8221;#93d522&#8243; border_width_right=&#8221;1px&#8221; border_width_left=&#8221;1px&#8221;][et_pb_column type=&#8221;4_4&#8243; _builder_version=&#8221;4.7.2&#8243; _module_preset=&#8221;default&#8221; custom_padding=&#8221;|0px||0px|false|false&#8221;][et_pb_image src=&#8221;https:\/\/www.iotbusinesshub.com\/wp-content\/uploads\/2021\/05\/MagmaTechnology.png&#8221; title_text=&#8221;MagmaTechnology&#8221; align=&#8221;center&#8221; _builder_version=&#8221;4.7.2&#8243; _module_preset=&#8221;default&#8221; custom_margin=&#8221;||19px|||&#8221;][\/et_pb_image][et_pb_text _builder_version=&#8221;4.7.2&#8243; custom_padding=&#8221;|30px||30px|false|false&#8221;]L&#8217;Or\u00e9al, the world leader in cosmetics, turned to Magma Technology to implement its digital delivery tracking project.<\/p>\n<p>The challenge is to improve the level of information available to points of sale and to increase customer satisfaction while reducing its carbon footprint.<\/p>\n<p>Results: L&#8217;Or\u00e9al was able to track 100% of its deliveries in real time, improve carrier service rates, and reduce its environmental impact with connected packaging.[\/et_pb_text][\/et_pb_column][\/et_pb_row][et_pb_row column_structure=&#8221;3_4,1_4&#8243; use_custom_gutter=&#8221;on&#8221; gutter_width=&#8221;1&#8243; make_equal=&#8221;on&#8221; _builder_version=&#8221;4.7.2&#8243; _module_preset=&#8221;default&#8221; background_color=&#8221;#ffffff&#8221; custom_margin=&#8221;|auto|-16px|auto||&#8221; custom_padding=&#8221;|40px|1px|20px|false|false&#8221; border_color_all=&#8221;#93d522&#8243; border_width_right=&#8221;1px&#8221; border_width_left=&#8221;1px&#8221;][et_pb_column type=&#8221;3_4&#8243; _builder_version=&#8221;4.7.2&#8243; _module_preset=&#8221;default&#8221; custom_padding=&#8221;|0px||0px|false|false&#8221;][et_pb_text _builder_version=&#8221;4.7.2&#8243; header_2_text_color=&#8221;#93d522&#8243; header_2_font_size=&#8221;20px&#8221; custom_margin=&#8221;-1px|||||&#8221; custom_padding=&#8221;7px|30px||30px|false|false&#8221;]<\/p>\n<h2 style=\"text-align: justify;\"><span style=\"font-size: 18pt;\">Why did you join the IoT Business Hub?<\/span><\/h2>\n<p>[\/et_pb_text][\/et_pb_column][et_pb_column type=&#8221;1_4&#8243; _builder_version=&#8221;4.7.2&#8243; _module_preset=&#8221;default&#8221; custom_padding=&#8221;|0px||0px|false|false&#8221;][et_pb_image src=&#8221;https:\/\/www.iotbusinesshub.com\/wp-content\/uploads\/2021\/05\/join_icon.png&#8221; title_text=&#8221;join_icon&#8221; align=&#8221;right&#8221; _builder_version=&#8221;4.7.2&#8243; _module_preset=&#8221;default&#8221; width=&#8221;20%&#8221;][\/et_pb_image][\/et_pb_column][\/et_pb_row][et_pb_row use_custom_gutter=&#8221;on&#8221; gutter_width=&#8221;1&#8243; make_equal=&#8221;on&#8221; module_id=&#8221;pq_nous_rejoindre&#8221; _builder_version=&#8221;4.7.2&#8243; background_color=&#8221;#ffffff&#8221; background_size=&#8221;initial&#8221; background_position=&#8221;top_left&#8221; background_repeat=&#8221;repeat&#8221; module_alignment=&#8221;center&#8221; custom_padding=&#8221;2px|20px||20px|false|false&#8221; border_width_all=&#8221;1px&#8221; border_color_all=&#8221;#93d522&#8243; border_width_top=&#8221;0px&#8221; border_width_bottom=&#8221;0px&#8221;][et_pb_column type=&#8221;4_4&#8243; _builder_version=&#8221;3.25&#8243; custom_padding=&#8221;|||&#8221; custom_padding__hover=&#8221;|||&#8221;][et_pb_text quote_border_color=&#8221;#93d522&#8243; _builder_version=&#8221;4.7.2&#8243; custom_padding=&#8221;|30px||30px|false|false&#8221;]<\/p>\n<blockquote><p><em>&#8220;It is a real opportunity for us to have joined the IoT Business Hub and to be part of an engaging community carrying strong values such as innovation, technology and knowledge sharing.<\/em><\/p>\n<p>&nbsp;<\/p>\n<p><em>In addition, the IoT Business HUB facilitates connections with large corporations and fosters collaboration between these major players and startups.&#8221;<\/em><\/p><\/blockquote>\n<p>[\/et_pb_text][\/et_pb_column][\/et_pb_row][et_pb_row column_structure=&#8221;3_4,1_4&#8243; use_custom_gutter=&#8221;on&#8221; gutter_width=&#8221;1&#8243; make_equal=&#8221;on&#8221; _builder_version=&#8221;4.7.2&#8243; _module_preset=&#8221;default&#8221; background_color=&#8221;#ffffff&#8221; custom_margin=&#8221;|auto|-16px|auto||&#8221; custom_padding=&#8221;|40px|1px|20px|false|false&#8221; border_color_all=&#8221;#93d522&#8243; border_width_right=&#8221;1px&#8221; border_width_left=&#8221;1px&#8221;][et_pb_column type=&#8221;3_4&#8243; _builder_version=&#8221;4.7.2&#8243; _module_preset=&#8221;default&#8221; custom_padding=&#8221;|0px||0px|false|false&#8221;][et_pb_text _builder_version=&#8221;4.7.2&#8243; header_2_text_color=&#8221;#93d522&#8243; header_2_font_size=&#8221;20px&#8221; custom_padding=&#8221;7px|30px||30px|false|false&#8221;]<\/p>\n<h2 style=\"text-align: justify;\"><span style=\"font-size: 18pt;\">What Magma Technology brings to the IoT Business Hub<\/span><\/h2>\n<p>[\/et_pb_text][\/et_pb_column][et_pb_column type=&#8221;1_4&#8243; _builder_version=&#8221;4.7.2&#8243; _module_preset=&#8221;default&#8221; custom_padding=&#8221;|0px||0px|false|false&#8221;][et_pb_image src=&#8221;https:\/\/www.iotbusinesshub.com\/wp-content\/uploads\/2021\/05\/plus_icon.png&#8221; title_text=&#8221;plus_icon&#8221; align=&#8221;right&#8221; _builder_version=&#8221;4.7.2&#8243; _module_preset=&#8221;default&#8221; width=&#8221;20%&#8221;][\/et_pb_image][\/et_pb_column][\/et_pb_row][et_pb_row use_custom_gutter=&#8221;on&#8221; gutter_width=&#8221;1&#8243; make_equal=&#8221;on&#8221; module_id=&#8221;pq_nous_rejoindre&#8221; _builder_version=&#8221;4.7.2&#8243; background_color=&#8221;#ffffff&#8221; background_size=&#8221;initial&#8221; background_position=&#8221;top_left&#8221; background_repeat=&#8221;repeat&#8221; module_alignment=&#8221;center&#8221; custom_padding=&#8221;2px|20px||20px|false|false&#8221; border_width_all=&#8221;1px&#8221; border_color_all=&#8221;#93d522&#8243; border_width_top=&#8221;0px&#8221; border_width_bottom=&#8221;2px&#8221;][et_pb_column type=&#8221;4_4&#8243; _builder_version=&#8221;3.25&#8243; custom_padding=&#8221;|||&#8221; custom_padding__hover=&#8221;|||&#8221;][et_pb_text quote_border_color=&#8221;#93d522&#8243; _builder_version=&#8221;4.7.2&#8243; custom_padding=&#8221;|30px||30px|false|false&#8221;]<\/p>\n<blockquote><p><em>&#8220;Magma Technology&#8217;s simple and innovative approach allows the IoT Business Hub to open an additional door to IoT usage.<\/em><\/p>\n<p>&nbsp;<\/p>\n<p><em>The Magma approach represents a real breakthrough compared to traditional delivery tracking solutions. It therefore allows to address increasingly significant ROIs while minimizing the time of deployment at the customer (1 month vs. 18 months for traditional solutions).<\/em><\/p>\n<p>&nbsp;<\/p>\n<p><em>The collaboration with BearingPoint consultants also brings a real advantage: Technological from the Magma teams and Business from the BearingPoint consultants, which allows us to have a 360\u00b0 view on the client&#8217;s issues.&#8221;<\/em><\/p><\/blockquote>\n<p>[\/et_pb_text][\/et_pb_column][\/et_pb_row][\/et_pb_section]<\/p>\n","protected":false},"excerpt":{"rendered":"<p>Magma Technology revolutionizes the supply chain by offering a new generation of logistics visibility. Thanks to the combination of connected objects (IoT) and artificial intelligence, logistics containers are becoming a key source of information for tracking transported goods and optimizing the container fleet. Magma Technology already has 14 major customers who use its solution on [&hellip;]<\/p>\n","protected":false},"author":17,"featured_media":0,"parent":6401,"menu_order":10,"comment_status":"closed","ping_status":"closed","template":"","meta":{"_acf_changed":false,"_et_pb_use_builder":"on","_et_pb_old_content":"","_et_gb_content_width":"","footnotes":""},"class_list":["post-6375","page","type-page","status-publish","hentry"],"acf":[],"_links":{"self":[{"href":"https:\/\/www.iotbusinesshub.com\/en\/wp-json\/wp\/v2\/pages\/6375","targetHints":{"allow":["GET"]}}],"collection":[{"href":"https:\/\/www.iotbusinesshub.com\/en\/wp-json\/wp\/v2\/pages"}],"about":[{"href":"https:\/\/www.iotbusinesshub.com\/en\/wp-json\/wp\/v2\/types\/page"}],"author":[{"embeddable":true,"href":"https:\/\/www.iotbusinesshub.com\/en\/wp-json\/wp\/v2\/users\/17"}],"replies":[{"embeddable":true,"href":"https:\/\/www.iotbusinesshub.com\/en\/wp-json\/wp\/v2\/comments?post=6375"}],"version-history":[{"count":0,"href":"https:\/\/www.iotbusinesshub.com\/en\/wp-json\/wp\/v2\/pages\/6375\/revisions"}],"up":[{"embeddable":true,"href":"https:\/\/www.iotbusinesshub.com\/en\/wp-json\/wp\/v2\/pages\/6401"}],"wp:attachment":[{"href":"https:\/\/www.iotbusinesshub.com\/en\/wp-json\/wp\/v2\/media?parent=6375"}],"curies":[{"name":"wp","href":"https:\/\/api.w.org\/{rel}","templated":true}]}}