{"id":6360,"date":"2021-07-05T19:04:15","date_gmt":"2021-07-05T17:04:15","guid":{"rendered":"https:\/\/www.iotbusinesshub.com\/meersens\/"},"modified":"2022-10-07T14:30:36","modified_gmt":"2022-10-07T12:30:36","slug":"meersens","status":"publish","type":"page","link":"https:\/\/www.iotbusinesshub.com\/en\/our-ecosystem\/our-members\/meersens\/","title":{"rendered":"Meersens"},"content":{"rendered":"<p>[et_pb_section fb_built=&#8221;1&#8243; fullwidth=&#8221;on&#8221; _builder_version=&#8221;4.7.2&#8243; width=&#8221;100%&#8221; max_width=&#8221;100%&#8221; global_module=&#8221;76&#8243;][et_pb_fullwidth_post_title meta=&#8221;off&#8221; featured_image=&#8221;off&#8221; _builder_version=&#8221;4.7.2&#8243;][\/et_pb_fullwidth_post_title][\/et_pb_section][et_pb_section fb_built=&#8221;1&#8243; _builder_version=&#8221;4.7.2&#8243; custom_padding=&#8221;52px|||||&#8221;][et_pb_row module_id=&#8221;hiboo&#8221; _builder_version=&#8221;4.7.2&#8243; background_color=&#8221;#ffffff&#8221; background_size=&#8221;initial&#8221; background_position=&#8221;top_left&#8221; background_repeat=&#8221;repeat&#8221; custom_padding=&#8221;40px|20px||20px|false|false&#8221; border_width_all=&#8221;1px&#8221; border_color_all=&#8221;#d6d6d6&#8243; border_width_top=&#8221;1px&#8221; border_color_top=&#8221;#93d522&#8243; border_color_right=&#8221;#93d522&#8243; border_width_bottom=&#8221;0px&#8221; border_color_left=&#8221;#93d522&#8243;][et_pb_column type=&#8221;4_4&#8243; _builder_version=&#8221;3.25&#8243; custom_padding=&#8221;|||&#8221; custom_padding__hover=&#8221;|||&#8221;][et_pb_image src=&#8221;https:\/\/www.iotbusinesshub.com\/wp-content\/uploads\/2021\/04\/meersens_logo.png&#8221; title_text=&#8221;meersens_logo&#8221; align=&#8221;center&#8221; _builder_version=&#8221;4.7.2&#8243; _module_preset=&#8221;default&#8221; width=&#8221;25%&#8221; module_alignment=&#8221;center&#8221; custom_margin=&#8221;||0px|||&#8221; hover_enabled=&#8221;0&#8243; sticky_enabled=&#8221;0&#8243;][\/et_pb_image][et_pb_code _builder_version=&#8221;4.7.2&#8243; _module_preset=&#8221;default&#8221; custom_css_main_element=&#8221;\/*CSS pour afficher\/masquer un texte via un bouton*\/||||\/*Style du module TEXTE*\/||.texte-cache { || position: relative;|| max-height: 100px; \/*Hauteur du texte visible avant le clic*\/|| overflow: hidden; \/*On cache tout ce qui d\u00e9passe des 100px*\/|| transition: max-height 1s ease; \/* Transition CSS entre l&#8217;ouverture et la fermeture*\/||}|| ||\/*Style du module TEXTE lorsqu&#8217;il est ouvert*\/||.texte-cache.ouvert {|| max-height: 100vh; \/* On lui d\u00e9finit une hauteur max de tout l&#8217;\u00e9cran si n\u00e9cessaire pour qu&#8217;il affiche tout son contenu*\/|| }||||\/*On stylise l&#8217;effet de flou lorsque le module TEXTE est ferm\u00e9, donc il n&#8217;a pas la classe %22ouvert%22*\/||.texte-cache:not(.ouvert)::after {|| content: &#8221;;|| position: absolute;|| top: 0;|| bottom: 0;|| left: 0;|| right: 0;|| background: linear-gradient(rgba(255, 255, 255, 0), rgba(255, 255, 255, 1)); \/*Couleur de notre effet*\/||}&#8221;]<script><!-- [et_pb_line_break_holder] -->jQuery(document).ready(function ($) {<!-- [et_pb_line_break_holder] -->  $(\"a.bouton-ouverture\").removeAttr(\"href\"); \/\/ On supprime le lien de notre bouton <!-- [et_pb_line_break_holder] -->\t<!-- [et_pb_line_break_holder] -->  $('.bouton-ouverture').on('click', function(){ \/\/ lorsqu'on clique sur le bouton<!-- [et_pb_line_break_holder] -->  $('.texte-cache').toggleClass('ouvert'); \/\/ On ajoute ou retire la classe CSS \"ouvert\"<!-- [et_pb_line_break_holder] -->  <!-- [et_pb_line_break_holder] -->  if ($('.texte-cache').hasClass('ouvert')) { \/\/ Si le module texte a la classe \"ouvert\"<!-- [et_pb_line_break_holder] -->    $('.bouton-ouverture').html('Lire moins'); \/\/ On affiche LIRE MOINS sur le bouton<!-- [et_pb_line_break_holder] -->  } else {<!-- [et_pb_line_break_holder] -->    $('.bouton-ouverture').html('Lire plus'); \/\/ Sinon on affiche LIRE PLUS<!-- [et_pb_line_break_holder] -->  }<!-- [et_pb_line_break_holder] -->\t});<!-- [et_pb_line_break_holder] -->});<!-- [et_pb_line_break_holder] --><\/script>[\/et_pb_code][et_pb_text _builder_version=&#8221;4.7.2&#8243; custom_padding=&#8221;|30px||30px|false|false&#8221;]<\/p>\n<p><span data-contrast=\"none\" xml:lang=\"FR-FR\" lang=\"FR-FR\" class=\"TextRun SCXW243894790 BCX0\"><a href=\"https:\/\/meersens.com\/\"><span class=\"NormalTextRun SpellingErrorV2 SCXW243894790 BCX0\">Meersens<\/span><\/a><span class=\"NormalTextRun SCXW243894790 BCX0\"><a href=\"https:\/\/meersens.com\/\"><span> <\/span><\/a>is the environmental data specialist. SaaS platform for geo-temporal modeling (air quality, water quality, noise, pollens&#8230;) contributing to health and well-being. It is a decision support solution for CSR\/QWL policies, patient monitoring and smart-city issues. The IoT allows to refine AI models and to contribute to the reassurance of stakeholders (experts, employees, customers or citizens). Beyond environmental compliance, it means providing the means to act and deploy preventive actions.<\/span><\/span><span class=\"EOP SCXW243894790 BCX0\" data-ccp-props=\"{\"201341983\":0,\"335559739\":160,\"335559740\":259}\"> <\/span><\/p>\n<p><span class=\"EOP SCXW243894790 BCX0\" data-ccp-props=\"{\"201341983\":0,\"335559739\":160,\"335559740\":259}\"><span data-contrast=\"none\" xml:lang=\"FR-FR\" lang=\"FR-FR\" class=\"TextRun SCXW253820447 BCX0\"><span class=\"NormalTextRun SpellingErrorV2 SCXW253820447 BCX0 DefaultHighlightTransition\">Meersens<\/span><span class=\"NormalTextRun SCXW253820447 BCX0\"><span> <\/span>makes the invisible visible in 1 click!<\/span><\/span><span class=\"EOP SCXW253820447 BCX0\" data-ccp-props=\"{\"201341983\":0,\"335559739\":160,\"335559740\":259}\"> <\/span><\/span><\/p>\n<p>[\/et_pb_text][\/et_pb_column][\/et_pb_row][et_pb_row column_structure=&#8221;3_4,1_4&#8243; use_custom_gutter=&#8221;on&#8221; gutter_width=&#8221;1&#8243; make_equal=&#8221;on&#8221; _builder_version=&#8221;4.7.2&#8243; _module_preset=&#8221;default&#8221; background_color=&#8221;#ffffff&#8221; custom_padding=&#8221;4px|40px|2px|20px|false|false&#8221; border_color_all=&#8221;#93d522&#8243; border_width_right=&#8221;1px&#8221; border_width_left=&#8221;1px&#8221;][et_pb_column type=&#8221;3_4&#8243; _builder_version=&#8221;4.7.2&#8243; _module_preset=&#8221;default&#8221; custom_padding=&#8221;|0px||0px|false|false&#8221;][et_pb_text _builder_version=&#8221;4.7.2&#8243; header_2_text_color=&#8221;#93d522&#8243; header_3_text_color=&#8221;#033e8e&#8221; width=&#8221;100%&#8221; custom_margin=&#8221;||-1px||false|false&#8221; custom_padding=&#8221;0px|14px|0px|30px|false|false&#8221;]<\/p>\n<h2 style=\"text-align: justify;\"><span style=\"font-size: 24px;\"><b>Analysis of the environmental quality of work spaces<\/b><\/span><\/h2>\n<p>[\/et_pb_text][\/et_pb_column][et_pb_column type=&#8221;1_4&#8243; _builder_version=&#8221;4.7.2&#8243; _module_preset=&#8221;default&#8221; custom_padding=&#8221;|0px||0px|false|false&#8221;][et_pb_image src=&#8221;https:\/\/www.iotbusinesshub.com\/wp-content\/uploads\/2021\/05\/Projet_icon.png&#8221; title_text=&#8221;Project_icon&#8221; align=&#8221;right&#8221; _builder_version=&#8221;4.7.2&#8243; _module_preset=&#8221;default&#8221; width=&#8221;20%&#8221;][\/et_pb_image][et_pb_text _builder_version=&#8221;4.7.2&#8243; _module_preset=&#8221;default&#8221;]<\/p>\n<h4 style=\"text-align: right;\"><span style=\"font-size: 10pt;\"><strong>IoT project<\/strong><\/span><\/h4>\n<p>[\/et_pb_text][\/et_pb_column][\/et_pb_row][et_pb_row use_custom_gutter=&#8221;on&#8221; gutter_width=&#8221;1&#8243; make_equal=&#8221;on&#8221; _builder_version=&#8221;4.7.2&#8243; _module_preset=&#8221;default&#8221; background_color=&#8221;#ffffff&#8221; custom_margin=&#8221;0px|auto||auto||&#8221; custom_padding=&#8221;4px|20px||20px|false|false&#8221; border_color_all=&#8221;#93d522&#8243; border_width_right=&#8221;1px&#8221; border_width_left=&#8221;1px&#8221;][et_pb_column type=&#8221;4_4&#8243; _builder_version=&#8221;4.7.2&#8243; _module_preset=&#8221;default&#8221; custom_padding=&#8221;|0px||0px|false|false&#8221;][et_pb_image src=&#8221;https:\/\/www.iotbusinesshub.com\/wp-content\/uploads\/2021\/07\/Meersens-Mbox.png&#8221; title_text=&#8221;Meersens &#8211; Mbox&#8221; align=&#8221;center&#8221; _builder_version=&#8221;4.7.2&#8243; _module_preset=&#8221;default&#8221; width=&#8221;61%&#8221; custom_margin=&#8221;||19px|||&#8221; hover_enabled=&#8221;0&#8243; sticky_enabled=&#8221;0&#8243;][\/et_pb_image][et_pb_text _builder_version=&#8221;4.7.2&#8243; custom_padding=&#8221;|30px||30px|false|false&#8221;]<\/p>\n<p><span data-contrast=\"none\" xml:lang=\"FR-FR\" lang=\"FR-FR\" class=\"TextRun SCXW187803848 BCX0\"><span class=\"NormalTextRun SCXW187803848 BCX0\">Use of the platform<span> <\/span><\/span><span class=\"NormalTextRun SpellingErrorV2 SCXW187803848 BCX0\">Meersens<\/span><span class=\"NormalTextRun SCXW187803848 BCX0\"><span> <\/span>for the analysis of the environmental quality and especially the CO2 in order to limit the risks of the COVID-19 in the offices of a large group in Paris. The comparison between indoor and outdoor air quality contributed to the reassurance of the employees for a 3-day office mode and a 2-day office mode.<span> <\/span><\/span><span class=\"NormalTextRun ContextualSpellingAndGrammarErrorV2 SCXW187803848 BCX0\">days<\/span><span class=\"NormalTextRun SCXW187803848 BCX0\"><span> <\/span>telecommuting. About a hundred<span> <\/span><\/span><span class=\"NormalTextRun SpellingErrorV2 SCXW187803848 BCX0\">mBox<\/span><span class=\"NormalTextRun SCXW187803848 BCX0\">-Guardian (IoT) have been deployed to telecommuting employees to allow them to better understand their new work environment (fine particles, VOC, CO2 and noise). Interaction through the application<span> <\/span><\/span><span class=\"NormalTextRun SpellingErrorV2 SCXW187803848 BCX0\">Meersens<\/span><span class=\"NormalTextRun SCXW187803848 BCX0\"><span> <\/span>and its SaaS enabled a 10-point increase in NPS for participants. The objective is to improve the talent environment and contribute to the prevention of sick leave related to chronic diseases.<\/span><\/span><span class=\"EOP SCXW187803848 BCX0\" data-ccp-props=\"{\"201341983\":0,\"335559739\":160,\"335559740\":259}\"> <\/span><\/p>\n<p>[\/et_pb_text][\/et_pb_column][\/et_pb_row][et_pb_row column_structure=&#8221;3_4,1_4&#8243; use_custom_gutter=&#8221;on&#8221; gutter_width=&#8221;1&#8243; make_equal=&#8221;on&#8221; _builder_version=&#8221;4.7.2&#8243; _module_preset=&#8221;default&#8221; background_color=&#8221;#ffffff&#8221; custom_margin=&#8221;|auto|-16px|auto||&#8221; custom_padding=&#8221;|40px|1px|20px|false|false&#8221; border_color_all=&#8221;#93d522&#8243; border_width_right=&#8221;1px&#8221; border_width_left=&#8221;1px&#8221;][et_pb_column type=&#8221;3_4&#8243; _builder_version=&#8221;4.7.2&#8243; _module_preset=&#8221;default&#8221; custom_padding=&#8221;|0px||0px|false|false&#8221;][et_pb_text _builder_version=&#8221;4.7.2&#8243; header_2_text_color=&#8221;#93d522&#8243; header_2_font_size=&#8221;20px&#8221; custom_padding=&#8221;7px|30px||30px|false|false&#8221;]<\/p>\n<h2 style=\"text-align: justify;\"><span style=\"font-size: 18pt;\">Why did you join the IoT Business Hub?<\/span><\/h2>\n<p>[\/et_pb_text][\/et_pb_column][et_pb_column type=&#8221;1_4&#8243; _builder_version=&#8221;4.7.2&#8243; _module_preset=&#8221;default&#8221; custom_padding=&#8221;|0px||0px|false|false&#8221;][et_pb_image src=&#8221;https:\/\/www.iotbusinesshub.com\/wp-content\/uploads\/2021\/05\/join_icon.png&#8221; title_text=&#8221;join_icon&#8221; align=&#8221;right&#8221; _builder_version=&#8221;4.7.2&#8243; _module_preset=&#8221;default&#8221; width=&#8221;20%&#8221;][\/et_pb_image][\/et_pb_column][\/et_pb_row][et_pb_row use_custom_gutter=&#8221;on&#8221; gutter_width=&#8221;1&#8243; make_equal=&#8221;on&#8221; module_id=&#8221;pq_nous_rejoindre&#8221; _builder_version=&#8221;4.7.2&#8243; background_color=&#8221;#ffffff&#8221; background_size=&#8221;initial&#8221; background_position=&#8221;top_left&#8221; background_repeat=&#8221;repeat&#8221; module_alignment=&#8221;center&#8221; custom_padding=&#8221;2px|20px||20px|false|false&#8221; border_width_all=&#8221;1px&#8221; border_color_all=&#8221;#93d522&#8243; border_width_top=&#8221;0px&#8221; border_width_bottom=&#8221;0px&#8221;][et_pb_column type=&#8221;4_4&#8243; _builder_version=&#8221;3.25&#8243; custom_padding=&#8221;|||&#8221; custom_padding__hover=&#8221;|||&#8221;][et_pb_text quote_border_color=&#8221;#93d522&#8243; _builder_version=&#8221;4.7.2&#8243; custom_padding=&#8221;|30px||30px|false|false&#8221; hover_enabled=&#8221;0&#8243; sticky_enabled=&#8221;0&#8243;]<\/p>\n<blockquote>\n<p><em><span class=\"NormalTextRun BCX0 SCXW99354171\">&#8220;We joined the IoT Business Hub, because together we are always going further. Sharing, exchanging best practices and identifying new use cases are the key to putting IoT at the service of people. It is also an opportunity to meet  <\/span><span class=\"NormalTextRun ContextualSpellingAndGrammarErrorV2 BCX0 SCXW99354171\">technology partners<\/span><span class=\"NormalTextRun BCX0 SCXW99354171\"> and potential customers.&#8221;<\/span><\/em><\/p>\n<\/blockquote>\n<p>[\/et_pb_text][\/et_pb_column][\/et_pb_row][et_pb_row column_structure=&#8221;3_4,1_4&#8243; use_custom_gutter=&#8221;on&#8221; gutter_width=&#8221;1&#8243; make_equal=&#8221;on&#8221; _builder_version=&#8221;4.7.2&#8243; _module_preset=&#8221;default&#8221; background_color=&#8221;#ffffff&#8221; custom_margin=&#8221;|auto|-16px|auto||&#8221; custom_padding=&#8221;|40px|1px|20px|false|false&#8221; border_color_all=&#8221;#93d522&#8243; border_width_right=&#8221;1px&#8221; border_width_left=&#8221;1px&#8221;][et_pb_column type=&#8221;3_4&#8243; _builder_version=&#8221;4.7.2&#8243; _module_preset=&#8221;default&#8221; custom_padding=&#8221;|0px||0px|false|false&#8221;][et_pb_text _builder_version=&#8221;4.7.2&#8243; header_2_text_color=&#8221;#93d522&#8243; header_2_font_size=&#8221;20px&#8221; custom_padding=&#8221;7px|30px||30px|false|false&#8221;]<\/p>\n<h2 style=\"text-align: justify;\"><span style=\"font-size: 18pt;\">What Meersens <\/span><span style=\"font-size: 18pt;\">brings to the IoT Business Hub<\/span><\/h2>\n<p>[\/et_pb_text][\/et_pb_column][et_pb_column type=&#8221;1_4&#8243; _builder_version=&#8221;4.7.2&#8243; _module_preset=&#8221;default&#8221; custom_padding=&#8221;|0px||0px|false|false&#8221;][et_pb_image src=&#8221;https:\/\/www.iotbusinesshub.com\/wp-content\/uploads\/2021\/05\/plus_icon.png&#8221; title_text=&#8221;plus_icon&#8221; align=&#8221;right&#8221; _builder_version=&#8221;4.7.2&#8243; _module_preset=&#8221;default&#8221; width=&#8221;20%&#8221;][\/et_pb_image][\/et_pb_column][\/et_pb_row][et_pb_row use_custom_gutter=&#8221;on&#8221; gutter_width=&#8221;1&#8243; make_equal=&#8221;on&#8221; module_id=&#8221;pq_nous_rejoindre&#8221; _builder_version=&#8221;4.7.2&#8243; background_color=&#8221;#ffffff&#8221; background_size=&#8221;initial&#8221; background_position=&#8221;top_left&#8221; background_repeat=&#8221;repeat&#8221; module_alignment=&#8221;center&#8221; custom_padding=&#8221;2px|20px||20px|false|false&#8221; border_width_all=&#8221;1px&#8221; border_color_all=&#8221;#93d522&#8243; border_width_top=&#8221;0px&#8221; border_width_bottom=&#8221;2px&#8221;][et_pb_column type=&#8221;4_4&#8243; _builder_version=&#8221;3.25&#8243; custom_padding=&#8221;|||&#8221; custom_padding__hover=&#8221;|||&#8221;][et_pb_text quote_border_color=&#8221;#93d522&#8243; _builder_version=&#8221;4.7.2&#8243; custom_padding=&#8221;|30px||30px|false|false&#8221;]<\/p>\n<blockquote>\n<p><em><span data-contrast=\"none\" xml:lang=\"FR-FR\" lang=\"FR-FR\" class=\"TextRun SCXW81398058 BCX0\"><span class=\"NormalTextRun SCXW81398058 BCX0\">&#8220;Beyond the agility and simplicity of our solutions in the environmental domain, we bring our expertise in AI and modeling. IoT and data without interpretations and concrete actions to serve usage and\/or decision support do not generate all the possible added values. We also bring a vision to contribute to the United Nations&#8217; sustainable development challenges, especially on Priority 3:  <\/span><span class=\"NormalTextRun ContextualSpellingAndGrammarErrorV2 SCXW81398058 BCX0\">Health<\/span><span class=\"NormalTextRun SCXW81398058 BCX0\"> and Wellness and Priority 11: Sustainable Cities and Communities.&#8221;<\/span><\/span><\/em><\/p>\n<\/blockquote>\n<p>[\/et_pb_text][\/et_pb_column][\/et_pb_row][\/et_pb_section]<\/p>\n","protected":false},"excerpt":{"rendered":"<p>Meersens is the environmental data specialist. SaaS platform for geo-temporal modeling (air quality, water quality, noise, pollens&#8230;) contributing to health and well-being. It is a decision support solution for CSR\/QWL policies, patient monitoring and smart-city issues. The IoT allows to refine AI models and to contribute to the reassurance of stakeholders (experts, employees, customers or [&hellip;]<\/p>\n","protected":false},"author":17,"featured_media":0,"parent":6401,"menu_order":10,"comment_status":"closed","ping_status":"closed","template":"","meta":{"_acf_changed":false,"_et_pb_use_builder":"on","_et_pb_old_content":"","_et_gb_content_width":"","footnotes":""},"class_list":["post-6360","page","type-page","status-publish","hentry"],"acf":[],"_links":{"self":[{"href":"https:\/\/www.iotbusinesshub.com\/en\/wp-json\/wp\/v2\/pages\/6360","targetHints":{"allow":["GET"]}}],"collection":[{"href":"https:\/\/www.iotbusinesshub.com\/en\/wp-json\/wp\/v2\/pages"}],"about":[{"href":"https:\/\/www.iotbusinesshub.com\/en\/wp-json\/wp\/v2\/types\/page"}],"author":[{"embeddable":true,"href":"https:\/\/www.iotbusinesshub.com\/en\/wp-json\/wp\/v2\/users\/17"}],"replies":[{"embeddable":true,"href":"https:\/\/www.iotbusinesshub.com\/en\/wp-json\/wp\/v2\/comments?post=6360"}],"version-history":[{"count":0,"href":"https:\/\/www.iotbusinesshub.com\/en\/wp-json\/wp\/v2\/pages\/6360\/revisions"}],"up":[{"embeddable":true,"href":"https:\/\/www.iotbusinesshub.com\/en\/wp-json\/wp\/v2\/pages\/6401"}],"wp:attachment":[{"href":"https:\/\/www.iotbusinesshub.com\/en\/wp-json\/wp\/v2\/media?parent=6360"}],"curies":[{"name":"wp","href":"https:\/\/api.w.org\/{rel}","templated":true}]}}